{"id":265,"date":"2026-02-22T10:54:26","date_gmt":"2026-02-22T09:54:26","guid":{"rendered":"https:\/\/skodje.eplebiten.no\/gammelside\/?page_id=265"},"modified":"2026-03-01T00:09:00","modified_gmt":"2026-02-28T23:09:00","slug":"personvernerklaering","status":"publish","type":"page","link":"https:\/\/skodje.eplebiten.no\/gammelside\/personvernerklaering\/","title":{"rendered":"Personvern, behandling av personopplysninger"},"content":{"rendered":"\t\t<div data-elementor-type=\"wp-page\" data-elementor-id=\"265\" class=\"elementor elementor-265\" data-elementor-post-type=\"page\">\n\t\t\t\t<div class=\"elementor-element elementor-element-33174ad8 e-flex e-con-boxed e-con e-parent\" data-id=\"33174ad8\" data-element_type=\"container\" data-e-type=\"container\">\n\t\t\t\t\t<div class=\"e-con-inner\">\n\t\t\t\t<div class=\"elementor-element elementor-element-4d82c996 elementor-widget elementor-widget-text-editor\" data-id=\"4d82c996\" data-element_type=\"widget\" data-e-type=\"widget\" data-widget_type=\"text-editor.default\">\n\t\t\t\t\t\t\t\t\t\n<h4 class=\"kt-adv-heading265_a312cd-7b wp-block-kadence-advancedheading\" data-kb-block=\"kb-adv-heading265_a312cd-7b\">Personven og behandling av personopplysninger<\/h4>\n\n\n\n<p class=\"kt-adv-heading265_17a35c-b1_0 wp-block-kadence-advancedheading\" data-kb-block=\"kb-adv-heading265_17a35c-b1_0\">Denne personvernerkl\u00e6ringen gjelder for Skodje fotoklubb (organisasjonsnummer 995408511), som er ansvarlig for personopplysninger som blir samlet inn i forbindelse med innmelding i klubben og ved bruk av nettsidene til klubben. Opplysninger du gir p\u00e5 Facebook.com, er det Facebook som har behandlingsansvaret for.<\/p>\n\n\n\n<p><strong>Personopplysninger som behandles<br><\/strong>Skodje fotoklubb samler inn<br>\u2013 Navn<br>\u2013 Post- og\/eller fakturaadresse<br>\u2013 Telefonnummer<br>\u2013 e-postadresse<br>\u2013 F\u00f8dselsdato for ungdomsmedlemmer og famileforhold for familiemedlemmer, for \u00e5 bekrefte rett til rabatt p\u00e5 medlemskontingent.<\/p>\n\n\n\n<p>Vi samler ikke inn informasjon om din bruk av nettsiden, i form av blant annet hvilke undersider som bes\u00f8kes, nettleserinstillinger og IP-adresse.<\/p>\n\n\n\n<p><strong>Hvordan innhentes informasjon?<br><\/strong>Vi samler inn opplysninger gjennom skjema for innmelding og p\u00e5melding til arrangementer. Vi tar ogs\u00e5 vare p\u00e5 opplysninger du sender oss via e-post. Det er frivillig \u00e5 oppgi denne informasjonen. Hvis du velger \u00e5 ikke oppgi personopplysningene, kan vi v\u00e6re forhindret fra \u00e5 gi deg informasjon.<\/p>\n\n\n\n<p><strong>Eksempel<\/strong><br>\u2013 Ved innmelding<br>\u2013 Ved p\u00e5melding til arrangementer, som f.eks. kurs, workshops og foredrag<\/p>\n\n\n\n<p><strong>Form\u00e5let med informasjonen som innhentes:<br><\/strong>\u2013 Informere om aktiviteter og arrangementer<br>\u2013 Sende deg nyhetsbrev<br>\u2013 For \u00e5 kunne sende relevant informasjon<br>\u2013 For \u00e5 kunne ta kontakt og tilby klubbens produkter og tjenester<\/p>\n\n\n\n<p><strong>Hvordan lagres informasjonen?<br><\/strong>Opplysningene lagres i v\u00e5rt medlemssystem Styreweb.com, og p\u00e5 klubbens datamaskiner lokalt. Styreweb er et nettbasert system for medlemsorganisasjoner, som inneholder blant annet medlemsregister, regnskap og faktura og et meldingssystem.<\/p>\n\n\n\n<p><strong>Hvordan slette opplysningene?<br><\/strong>Informasjon slettes p\u00e5 oppfordring, ved \u00e5 sende e-post til&nbsp;<a href=\"mailto:post@skodjefotoklubb.no\">post@skodjefotoklubb.no<\/a>.<\/p>\n\n\n\n<p><strong>Vi utleverer ikke informasjonen din<br><\/strong>Opplysninger om navn, adresse, poststed, epostadresse deles bare med Norsk Selskap for fotografi (NSFF), s\u00e5 lenge klubben er medlem i NSFF. Personopplysningene deles ikke med utenforst\u00e5ende tredjeparter. Styreweb har ikke adgang til \u00e5 dele personopplysninger om v\u00e5re medlemmer.<\/p>\n\n\n\n<p><strong>Du har rettigheter<br><\/strong>Du kan kreve innsyn i personopplysningene om deg og hvordan de behandles. Du kan ogs\u00e5 kreve retting, sletting og begrensninger i behandlingen av personopplysninger i tr\u00e5d med personopplysningsloven.<\/p>\n\n\n\n<p>Hvis behandlingen av personopplysninger er basert p\u00e5 samtykke, kan du n\u00e5r som helst trekke samtykket tilbake.<\/p>\n\n\n\n<p>Dersom du mener Skodje fotoklubb ikke har overholdt dine rettigheter i samsvar med personopp\u00adlys\u00adningsloven, har du rett til \u00e5 klage til den aktuelle tilsynsmyndigheten. Dette gj\u00f8res ved \u00e5 sende klage til Datatilsynet, kontaktinformasjon er tilgjengelig p\u00e5&nbsp;<a href=\"http:\/\/www.datatilsynet.no\/\">www.datatilsynet.no<\/a>.<\/p>\n\n\n\n<p class=\"kt-adv-heading265_456e72-c6 wp-block-kadence-advancedheading\" data-kb-block=\"kb-adv-heading265_456e72-c6\"><\/p>\n\n\n\n<p class=\"kt-adv-heading265_f6eb3e-a3 wp-block-kadence-advancedheading\" data-kb-block=\"kb-adv-heading265_f6eb3e-a3\">Cookie-politikk<br><div class=\"wpconsent-cookie-policy\"><h2 class=\"wpconsent-cookie-category-name\">Essensiell<\/h2><p class=\"wpconsent-cookie-category-description\">Essensielle cookier tillater grunnleggende funksjoner og er n\u00f8dvendig for at nettsiden fungerer skikkelig.<\/p><table class=\"wpconsent-cookie-policy-table\"><tr><th>Name<\/th><th>Description<\/th><th>Duration<\/th><\/tr><tr><td>wpconsent_preferences<\/td><td>This cookie is used to store the user&#039;s cookie consent preferences.<\/td><td>30 days<\/td><\/tr><\/table><h3 class=\"wpconsent-cookie-service-name\">Comments<\/h3><p class=\"wpconsent-cookie-service-description\">These cookies are needed for adding comments on this website.<\/p><table class=\"wpconsent-cookie-policy-table\"><tr><th>Name<\/th><th>Description<\/th><th>Duration<\/th><\/tr><tr><td>comment_author<\/td><td>Used to track the user across multiple sessions.<\/td><td>Session<\/td><\/tr><tr><td>comment_author_email<\/td><td>Used to track the user across multiple sessions.<\/td><td>Session<\/td><\/tr><tr><td>comment_author_url<\/td><td>Used to track the user across multiple sessions.<\/td><td>Session<\/td><\/tr><\/table><\/div><\/p>\n\t\t\t\t\t\t\t\t<\/div>\n\t\t\t\t\t<\/div>\n\t\t\t\t<\/div>\n\t\t\t\t<\/div>\n\t\t","protected":false},"excerpt":{"rendered":"<p>Personopplysninger som behandlesSkodje fotoklubb samler inn\u2013 Navn\u2013 Post- og\/eller fakturaadresse\u2013 Telefonnummer\u2013 e-postadresse\u2013 F\u00f8dselsdato for ungdomsmedlemmer og famileforhold for familiemedlemmer, for \u00e5 bekrefte rett til rabatt p\u00e5 medlemskontingent. Vi samler ikke [&hellip;]<\/p>\n","protected":false},"author":1,"featured_media":0,"parent":0,"menu_order":0,"comment_status":"closed","ping_status":"closed","template":"","meta":{"ngg_post_thumbnail":0,"footnotes":""},"class_list":["post-265","page","type-page","status-publish","hentry"],"_links":{"self":[{"href":"https:\/\/skodje.eplebiten.no\/gammelside\/wp-json\/wp\/v2\/pages\/265","targetHints":{"allow":["GET"]}}],"collection":[{"href":"https:\/\/skodje.eplebiten.no\/gammelside\/wp-json\/wp\/v2\/pages"}],"about":[{"href":"https:\/\/skodje.eplebiten.no\/gammelside\/wp-json\/wp\/v2\/types\/page"}],"author":[{"embeddable":true,"href":"https:\/\/skodje.eplebiten.no\/gammelside\/wp-json\/wp\/v2\/users\/1"}],"replies":[{"embeddable":true,"href":"https:\/\/skodje.eplebiten.no\/gammelside\/wp-json\/wp\/v2\/comments?post=265"}],"version-history":[{"count":8,"href":"https:\/\/skodje.eplebiten.no\/gammelside\/wp-json\/wp\/v2\/pages\/265\/revisions"}],"predecessor-version":[{"id":773,"href":"https:\/\/skodje.eplebiten.no\/gammelside\/wp-json\/wp\/v2\/pages\/265\/revisions\/773"}],"wp:attachment":[{"href":"https:\/\/skodje.eplebiten.no\/gammelside\/wp-json\/wp\/v2\/media?parent=265"}],"curies":[{"name":"wp","href":"https:\/\/api.w.org\/{rel}","templated":true}]}}