{"id":337,"date":"2026-02-22T13:37:41","date_gmt":"2026-02-22T12:37:41","guid":{"rendered":"https:\/\/skodje.eplebiten.no\/gammelside\/home\/"},"modified":"2026-02-28T23:59:16","modified_gmt":"2026-02-28T22:59:16","slug":"home","status":"publish","type":"page","link":"https:\/\/skodje.eplebiten.no\/gammelside\/","title":{"rendered":"Forside"},"content":{"rendered":"\t\t<div data-elementor-type=\"wp-page\" data-elementor-id=\"337\" class=\"elementor elementor-337\" data-elementor-post-type=\"page\">\n\t\t\t\t<div class=\"elementor-element elementor-element-51a1ba4 e-flex e-con-boxed e-con e-parent\" data-id=\"51a1ba4\" data-element_type=\"container\" data-e-type=\"container\">\n\t\t\t\t\t<div class=\"e-con-inner\">\n\t\t<div class=\"elementor-element elementor-element-e7fc970 e-con-full e-flex e-con e-child\" data-id=\"e7fc970\" data-element_type=\"container\" data-e-type=\"container\">\n\t\t<div class=\"elementor-element elementor-element-b911b67 e-flex e-con-boxed e-con e-child\" data-id=\"b911b67\" data-element_type=\"container\" data-e-type=\"container\">\n\t\t\t\t\t<div class=\"e-con-inner\">\n\t\t\t\t<div class=\"elementor-element elementor-element-d956a5f elementor-widget elementor-widget-search\" data-id=\"d956a5f\" data-element_type=\"widget\" data-e-type=\"widget\" data-settings=\"{&quot;submit_trigger&quot;:&quot;click_submit&quot;,&quot;pagination_type_options&quot;:&quot;none&quot;}\" data-widget_type=\"search.default\">\n\t\t\t\t\t\t\t<search class=\"e-search hidden\" role=\"search\">\n\t\t\t<form class=\"e-search-form\" action=\"https:\/\/skodje.eplebiten.no\/gammelside\" method=\"get\">\n\n\t\t\t\t\n\t\t\t\t<label class=\"e-search-label\" for=\"search-d956a5f\">\n\t\t\t\t\t<span class=\"elementor-screen-only\">\n\t\t\t\t\t\tS\u00f8k\t\t\t\t\t<\/span>\n\t\t\t\t\t<svg aria-hidden=\"true\" class=\"e-font-icon-svg e-fas-search\" viewBox=\"0 0 512 512\" xmlns=\"http:\/\/www.w3.org\/2000\/svg\"><path d=\"M505 442.7L405.3 343c-4.5-4.5-10.6-7-17-7H372c27.6-35.3 44-79.7 44-128C416 93.1 322.9 0 208 0S0 93.1 0 208s93.1 208 208 208c48.3 0 92.7-16.4 128-44v16.3c0 6.4 2.5 12.5 7 17l99.7 99.7c9.4 9.4 24.6 9.4 33.9 0l28.3-28.3c9.4-9.4 9.4-24.6.1-34zM208 336c-70.7 0-128-57.2-128-128 0-70.7 57.2-128 128-128 70.7 0 128 57.2 128 128 0 70.7-57.2 128-128 128z\"><\/path><\/svg>\t\t\t\t<\/label>\n\n\t\t\t\t<div class=\"e-search-input-wrapper\">\n\t\t\t\t\t<input id=\"search-d956a5f\" placeholder=\"Skriv for \u00e5 s\u00f8ke...\" class=\"e-search-input\" type=\"search\" name=\"s\" value=\"\" autocomplete=\"off\" role=\"combobox\" aria-autocomplete=\"list\" aria-expanded=\"false\" aria-controls=\"results-d956a5f\" aria-haspopup=\"listbox\">\n\t\t\t\t\t<svg aria-hidden=\"true\" class=\"e-font-icon-svg e-fas-times\" viewBox=\"0 0 352 512\" xmlns=\"http:\/\/www.w3.org\/2000\/svg\"><path d=\"M242.72 256l100.07-100.07c12.28-12.28 12.28-32.19 0-44.48l-22.24-22.24c-12.28-12.28-32.19-12.28-44.48 0L176 189.28 75.93 89.21c-12.28-12.28-32.19-12.28-44.48 0L9.21 111.45c-12.28 12.28-12.28 32.19 0 44.48L109.28 256 9.21 356.07c-12.28 12.28-12.28 32.19 0 44.48l22.24 22.24c12.28 12.28 32.2 12.28 44.48 0L176 322.72l100.07 100.07c12.28 12.28 32.2 12.28 44.48 0l22.24-22.24c12.28-12.28 12.28-32.19 0-44.48L242.72 256z\"><\/path><\/svg>\t\t\t\t\t\t\t\t\t\t<output id=\"results-d956a5f\" class=\"e-search-results-container hide-loader\" aria-live=\"polite\" aria-atomic=\"true\" aria-label=\"Results for search\" tabindex=\"0\">\n\t\t\t\t\t\t<div class=\"e-search-results\"><\/div>\n\t\t\t\t\t\t\t\t\t\t\t<\/output>\n\t\t\t\t\t\t\t\t\t<\/div>\n\t\t\t\t\n\t\t\t\t\n\t\t\t\t<button class=\"e-search-submit  \" type=\"submit\">\n\t\t\t\t\t\n\t\t\t\t\t\t\t\t\t\t<span class=\"\">\n\t\t\t\t\t\tS\u00f8k\t\t\t\t\t<\/span>\n\t\t\t\t\t\t\t\t\t<\/button>\n\t\t\t\t<input type=\"hidden\" name=\"e_search_props\" value=\"d956a5f-337\">\n\t\t\t<\/form>\n\t\t<\/search>\n\t\t\t\t\t\t<\/div>\n\t\t\t\t<div class=\"elementor-element elementor-element-2329d20 elementor-widget elementor-widget-spacer\" data-id=\"2329d20\" data-element_type=\"widget\" data-e-type=\"widget\" data-widget_type=\"spacer.default\">\n\t\t\t\t\t\t\t<div class=\"elementor-spacer\">\n\t\t\t<div class=\"elementor-spacer-inner\"><\/div>\n\t\t<\/div>\n\t\t\t\t\t\t<\/div>\n\t\t\t\t<div class=\"elementor-element elementor-element-f1ba99c elementor-widget elementor-widget-tec_events_elementor_widget_event_calendar_link\" data-id=\"f1ba99c\" data-element_type=\"widget\" data-e-type=\"widget\" data-widget_type=\"tec_events_elementor_widget_event_calendar_link.default\">\n\t\t\t\t<div class=\"elementor-widget-container\">\n\t\t\t\t\t<p  class=\"tec-events-back\" >\n\t<a href=\"https:\/\/skodje.eplebiten.no\/gammelside\/hendelser\/\" >&laquo; Alle Arrangementer<\/a>\n<\/p>\t\t\t\t<\/div>\n\t\t\t\t<\/div>\n\t\t\t\t<div class=\"elementor-element elementor-element-cb20f17 elementor-widget elementor-widget-spacer\" data-id=\"cb20f17\" data-element_type=\"widget\" data-e-type=\"widget\" data-widget_type=\"spacer.default\">\n\t\t\t\t\t\t\t<div class=\"elementor-spacer\">\n\t\t\t<div class=\"elementor-spacer-inner\"><\/div>\n\t\t<\/div>\n\t\t\t\t\t\t<\/div>\n\t\t\t\t\t<\/div>\n\t\t\t\t<\/div>\n\t\t\t\t<\/div>\n\t\t<div class=\"elementor-element elementor-element-47ba45a e-con-full e-flex e-con e-child\" data-id=\"47ba45a\" data-element_type=\"container\" data-e-type=\"container\">\n\t\t\t\t<div class=\"elementor-element elementor-element-ce8a936 elementor-widget elementor-widget-image\" data-id=\"ce8a936\" data-element_type=\"widget\" data-e-type=\"widget\" data-widget_type=\"image.default\">\n\t\t\t\t\t\t\t\t\t\t\t\t\t\t\t<img fetchpriority=\"high\" decoding=\"async\" width=\"2560\" height=\"1707\" src=\"https:\/\/skodje.eplebiten.no\/gammelside\/wp-content\/uploads\/2026\/02\/klubbpromo-scaled.jpg\" class=\"attachment-full size-full wp-image-421\" alt=\"\" srcset=\"https:\/\/skodje.eplebiten.no\/gammelside\/wp-content\/uploads\/2026\/02\/klubbpromo-scaled.jpg 2560w, https:\/\/skodje.eplebiten.no\/gammelside\/wp-content\/uploads\/2026\/02\/klubbpromo-1024x683.jpg 1024w, https:\/\/skodje.eplebiten.no\/gammelside\/wp-content\/uploads\/2026\/02\/klubbpromo-2048x1365.jpg 2048w, https:\/\/skodje.eplebiten.no\/gammelside\/wp-content\/uploads\/2026\/02\/klubbpromo-300x200.jpg 300w, https:\/\/skodje.eplebiten.no\/gammelside\/wp-content\/uploads\/2026\/02\/klubbpromo-768x512.jpg 768w, https:\/\/skodje.eplebiten.no\/gammelside\/wp-content\/uploads\/2026\/02\/klubbpromo-1536x1024.jpg 1536w\" sizes=\"(max-width: 2560px) 100vw, 2560px\" \/>\t\t\t\t\t\t\t\t\t\t\t\t\t\t\t<\/div>\n\t\t\t\t<div class=\"elementor-element elementor-element-35ce836 elementor-grid-1 elementor-posts--thumbnail-left elementor-posts--align-left elementor-grid-tablet-2 elementor-grid-mobile-1 elementor-widget elementor-widget-posts\" data-id=\"35ce836\" data-element_type=\"widget\" data-e-type=\"widget\" data-settings=\"{&quot;classic_columns&quot;:&quot;1&quot;,&quot;pagination_type&quot;:&quot;prev_next&quot;,&quot;classic_row_gap&quot;:{&quot;unit&quot;:&quot;px&quot;,&quot;size&quot;:30,&quot;sizes&quot;:[]},&quot;classic_columns_tablet&quot;:&quot;2&quot;,&quot;classic_columns_mobile&quot;:&quot;1&quot;,&quot;classic_row_gap_tablet&quot;:{&quot;unit&quot;:&quot;px&quot;,&quot;size&quot;:&quot;&quot;,&quot;sizes&quot;:[]},&quot;classic_row_gap_mobile&quot;:{&quot;unit&quot;:&quot;px&quot;,&quot;size&quot;:&quot;&quot;,&quot;sizes&quot;:[]}}\" data-widget_type=\"posts.classic\">\n\t\t\t\t<div class=\"elementor-widget-container\">\n\t\t\t\t\t\t\t<div class=\"elementor-posts-container elementor-posts elementor-posts--skin-classic elementor-grid\" role=\"list\">\n\t\t\t\t<article class=\"elementor-post elementor-grid-item post-195 post type-post status-publish format-standard has-post-thumbnail hentry category-aktuelt\" role=\"listitem\">\n\t\t\t\t<a class=\"elementor-post__thumbnail__link\" href=\"https:\/\/skodje.eplebiten.no\/gammelside\/aktuelt\/2026\/02\/dette-er-en-overskrift\/\" tabindex=\"-1\" >\n\t\t\t<div class=\"elementor-post__thumbnail\"><img decoding=\"async\" width=\"1024\" height=\"1024\" src=\"https:\/\/skodje.eplebiten.no\/gammelside\/wp-content\/uploads\/2026\/02\/20240103-0010-6-1024x1024-2.jpg\" class=\"attachment-medium size-medium wp-image-198\" alt=\"\" srcset=\"https:\/\/skodje.eplebiten.no\/gammelside\/wp-content\/uploads\/2026\/02\/20240103-0010-6-1024x1024-2.jpg 1024w, https:\/\/skodje.eplebiten.no\/gammelside\/wp-content\/uploads\/2026\/02\/20240103-0010-6-1024x1024-2-300x300.jpg 300w, https:\/\/skodje.eplebiten.no\/gammelside\/wp-content\/uploads\/2026\/02\/20240103-0010-6-1024x1024-2-768x768.jpg 768w\" sizes=\"(max-width: 1024px) 100vw, 1024px\" \/><\/div>\n\t\t<\/a>\n\t\t\t\t<div class=\"elementor-post__text\">\n\t\t\t\t<h3 class=\"elementor-post__title\">\n\t\t\t<a href=\"https:\/\/skodje.eplebiten.no\/gammelside\/aktuelt\/2026\/02\/dette-er-en-overskrift\/\" >\n\t\t\t\tDette er min overskrift\t\t\t<\/a>\n\t\t<\/h3>\n\t\t\t\t<div class=\"elementor-post__meta-data\">\n\t\t\t\t\t<span class=\"elementor-post-date\">\n\t\t\t20\/02\/2026\t\t<\/span>\n\t\t\t\t<\/div>\n\t\t\t\t<div class=\"elementor-post__excerpt\">\n\t\t\t\t\t<\/div>\n\t\t\t\t\t<div class=\"elementor-post__read-more-wrapper\">\n\t\t\n\t\t<a class=\"elementor-post__read-more\" href=\"https:\/\/skodje.eplebiten.no\/gammelside\/aktuelt\/2026\/02\/dette-er-en-overskrift\/\" aria-label=\"Read more about Dette er min overskrift\" tabindex=\"-1\" >\n\t\t\tLes mer\u00bb\t\t<\/a>\n\n\t\t\t\t\t<\/div>\n\t\t\t\t<\/div>\n\t\t\t\t<\/article>\n\t\t\t\t<article class=\"elementor-post elementor-grid-item post-109 post type-post status-publish format-standard has-post-thumbnail hentry category-aktuelt\" role=\"listitem\">\n\t\t\t\t<a class=\"elementor-post__thumbnail__link\" href=\"https:\/\/skodje.eplebiten.no\/gammelside\/aktuelt\/2026\/02\/januarmotet-arsmotet\/\" tabindex=\"-1\" >\n\t\t\t<div class=\"elementor-post__thumbnail\"><img decoding=\"async\" width=\"300\" height=\"300\" src=\"https:\/\/skodje.eplebiten.no\/gammelside\/wp-content\/uploads\/2026\/02\/20240103-0010-6-1024x1024-1-300x300.jpg\" class=\"attachment-medium size-medium wp-image-113\" alt=\"\" srcset=\"https:\/\/skodje.eplebiten.no\/gammelside\/wp-content\/uploads\/2026\/02\/20240103-0010-6-1024x1024-1-300x300.jpg 300w, https:\/\/skodje.eplebiten.no\/gammelside\/wp-content\/uploads\/2026\/02\/20240103-0010-6-1024x1024-1-150x150.jpg 150w, https:\/\/skodje.eplebiten.no\/gammelside\/wp-content\/uploads\/2026\/02\/20240103-0010-6-1024x1024-1-768x768.jpg 768w, https:\/\/skodje.eplebiten.no\/gammelside\/wp-content\/uploads\/2026\/02\/20240103-0010-6-1024x1024-1.jpg 1024w\" sizes=\"(max-width: 300px) 100vw, 300px\" \/><\/div>\n\t\t<\/a>\n\t\t\t\t<div class=\"elementor-post__text\">\n\t\t\t\t<h3 class=\"elementor-post__title\">\n\t\t\t<a href=\"https:\/\/skodje.eplebiten.no\/gammelside\/aktuelt\/2026\/02\/januarmotet-arsmotet\/\" >\n\t\t\t\tJanuarm\u00f8tet\/\u00c5rsm\u00f8tet\t\t\t<\/a>\n\t\t<\/h3>\n\t\t\t\t<div class=\"elementor-post__meta-data\">\n\t\t\t\t\t<span class=\"elementor-post-date\">\n\t\t\t19\/02\/2026\t\t<\/span>\n\t\t\t\t<\/div>\n\t\t\t\t<div class=\"elementor-post__excerpt\">\n\t\t\t<p>DetaljerSkrevet av&nbsp;Monica Elise Vestre&nbsp;Publisert 02. februar 2026 P\u00e5 \u00e5rets f\u00f8rste medlemsm\u00f8te fikk vi bes\u00f8k av Antje Meier som holdt foredrag om &laquo;\u00e5 v\u00e6re en mindful fotograf&raquo;. Antje er tysk, men bor i Volda. Hun har en dyp fascinasjon for naturen<\/p>\n\t\t<\/div>\n\t\t\t\t\t<div class=\"elementor-post__read-more-wrapper\">\n\t\t\n\t\t<a class=\"elementor-post__read-more\" href=\"https:\/\/skodje.eplebiten.no\/gammelside\/aktuelt\/2026\/02\/januarmotet-arsmotet\/\" aria-label=\"Read more about Januarm\u00f8tet\/\u00c5rsm\u00f8tet\" tabindex=\"-1\" >\n\t\t\tLes mer\u00bb\t\t<\/a>\n\n\t\t\t\t\t<\/div>\n\t\t\t\t<\/div>\n\t\t\t\t<\/article>\n\t\t\t\t<article class=\"elementor-post elementor-grid-item post-122 post type-post status-publish format-standard has-post-thumbnail hentry category-aktuelt\" role=\"listitem\">\n\t\t\t\t<a class=\"elementor-post__thumbnail__link\" href=\"https:\/\/skodje.eplebiten.no\/gammelside\/aktuelt\/2026\/02\/arets-fotograf-2025\/\" tabindex=\"-1\" >\n\t\t\t<div class=\"elementor-post__thumbnail\"><img loading=\"lazy\" decoding=\"async\" width=\"300\" height=\"161\" src=\"https:\/\/skodje.eplebiten.no\/gammelside\/wp-content\/uploads\/2026\/02\/First_255872_Meeting-300x161.jpg\" class=\"attachment-medium size-medium wp-image-124\" alt=\"\" srcset=\"https:\/\/skodje.eplebiten.no\/gammelside\/wp-content\/uploads\/2026\/02\/First_255872_Meeting-300x161.jpg 300w, https:\/\/skodje.eplebiten.no\/gammelside\/wp-content\/uploads\/2026\/02\/First_255872_Meeting-1024x550.jpg 1024w, https:\/\/skodje.eplebiten.no\/gammelside\/wp-content\/uploads\/2026\/02\/First_255872_Meeting-768x413.jpg 768w, https:\/\/skodje.eplebiten.no\/gammelside\/wp-content\/uploads\/2026\/02\/First_255872_Meeting-1536x826.jpg 1536w, https:\/\/skodje.eplebiten.no\/gammelside\/wp-content\/uploads\/2026\/02\/First_255872_Meeting-2048x1101.jpg 2048w\" sizes=\"(max-width: 300px) 100vw, 300px\" \/><\/div>\n\t\t<\/a>\n\t\t\t\t<div class=\"elementor-post__text\">\n\t\t\t\t<h3 class=\"elementor-post__title\">\n\t\t\t<a href=\"https:\/\/skodje.eplebiten.no\/gammelside\/aktuelt\/2026\/02\/arets-fotograf-2025\/\" >\n\t\t\t\t\u00c5rets Fotograf 2025\t\t\t<\/a>\n\t\t<\/h3>\n\t\t\t\t<div class=\"elementor-post__meta-data\">\n\t\t\t\t\t<span class=\"elementor-post-date\">\n\t\t\t19\/02\/2026\t\t<\/span>\n\t\t\t\t<\/div>\n\t\t\t\t<div class=\"elementor-post__excerpt\">\n\t\t\t<p>DetaljerSkrevet av&nbsp;Monica Elise Vestre&nbsp;Publisert 08. desember 2025 I helgen gikk \u00e5rets julebord av stabelen. En veldig koselig kveld der ogs\u00e5 \u00c5rets Fotograf 2025 ble k\u00e5ret. Det ble nok en gang Geir Jartveit&#8230;denne gangen foran Geir Bj\u00f8rndal Srisoi og Marita Lausund.<\/p>\n\t\t<\/div>\n\t\t\t\t\t<div class=\"elementor-post__read-more-wrapper\">\n\t\t\n\t\t<a class=\"elementor-post__read-more\" href=\"https:\/\/skodje.eplebiten.no\/gammelside\/aktuelt\/2026\/02\/arets-fotograf-2025\/\" aria-label=\"Read more about \u00c5rets Fotograf 2025\" tabindex=\"-1\" >\n\t\t\tLes mer\u00bb\t\t<\/a>\n\n\t\t\t\t\t<\/div>\n\t\t\t\t<\/div>\n\t\t\t\t<\/article>\n\t\t\t\t<\/div>\n\t\t\n\t\t\t\t\t\t<\/div>\n\t\t\t\t<\/div>\n\t\t\t\t<\/div>\n\t\t\t\t\t<\/div>\n\t\t\t\t<\/div>\n\t\t\t\t<\/div>\n\t\t","protected":false},"excerpt":{"rendered":"<p>S\u00f8k S\u00f8k &laquo; Alle Arrangementer<\/p>\n","protected":false},"author":1,"featured_media":0,"parent":0,"menu_order":0,"comment_status":"closed","ping_status":"closed","template":"","meta":{"ngg_post_thumbnail":0,"footnotes":""},"class_list":["post-337","page","type-page","status-publish","hentry"],"_links":{"self":[{"href":"https:\/\/skodje.eplebiten.no\/gammelside\/wp-json\/wp\/v2\/pages\/337","targetHints":{"allow":["GET"]}}],"collection":[{"href":"https:\/\/skodje.eplebiten.no\/gammelside\/wp-json\/wp\/v2\/pages"}],"about":[{"href":"https:\/\/skodje.eplebiten.no\/gammelside\/wp-json\/wp\/v2\/types\/page"}],"author":[{"embeddable":true,"href":"https:\/\/skodje.eplebiten.no\/gammelside\/wp-json\/wp\/v2\/users\/1"}],"replies":[{"embeddable":true,"href":"https:\/\/skodje.eplebiten.no\/gammelside\/wp-json\/wp\/v2\/comments?post=337"}],"version-history":[{"count":73,"href":"https:\/\/skodje.eplebiten.no\/gammelside\/wp-json\/wp\/v2\/pages\/337\/revisions"}],"predecessor-version":[{"id":754,"href":"https:\/\/skodje.eplebiten.no\/gammelside\/wp-json\/wp\/v2\/pages\/337\/revisions\/754"}],"wp:attachment":[{"href":"https:\/\/skodje.eplebiten.no\/gammelside\/wp-json\/wp\/v2\/media?parent=337"}],"curies":[{"name":"wp","href":"https:\/\/api.w.org\/{rel}","templated":true}]}}