{"id":55,"date":"2026-02-19T17:50:47","date_gmt":"2026-02-19T16:50:47","guid":{"rendered":"https:\/\/skodje.eplebiten.no\/gammelside\/?page_id=55"},"modified":"2026-03-01T00:01:31","modified_gmt":"2026-02-28T23:01:31","slug":"aktuelt","status":"publish","type":"page","link":"https:\/\/skodje.eplebiten.no\/gammelside\/aktuelt\/","title":{"rendered":"Aktuelt"},"content":{"rendered":"\t\t<div data-elementor-type=\"wp-page\" data-elementor-id=\"55\" class=\"elementor elementor-55\" data-elementor-post-type=\"page\">\n\t\t\t\t<div class=\"elementor-element elementor-element-55005a50 e-flex e-con-boxed e-con e-parent\" data-id=\"55005a50\" data-element_type=\"container\" data-e-type=\"container\">\n\t\t\t\t\t<div class=\"e-con-inner\">\n\t\t\t\t\t<\/div>\n\t\t\t\t<\/div>\n\t\t<div class=\"elementor-element elementor-element-3ced555 e-flex e-con-boxed e-con e-parent\" data-id=\"3ced555\" data-element_type=\"container\" data-e-type=\"container\">\n\t\t\t\t\t<div class=\"e-con-inner\">\n\t\t\t\t<div class=\"elementor-element elementor-element-94495f1 elementor-grid-1 elementor-posts--thumbnail-left elementor-grid-tablet-2 elementor-grid-mobile-1 elementor-widget elementor-widget-posts\" data-id=\"94495f1\" data-element_type=\"widget\" data-e-type=\"widget\" data-settings=\"{&quot;classic_columns&quot;:&quot;1&quot;,&quot;pagination_type&quot;:&quot;numbers_and_prev_next&quot;,&quot;classic_columns_tablet&quot;:&quot;2&quot;,&quot;classic_columns_mobile&quot;:&quot;1&quot;,&quot;classic_row_gap&quot;:{&quot;unit&quot;:&quot;px&quot;,&quot;size&quot;:35,&quot;sizes&quot;:[]},&quot;classic_row_gap_tablet&quot;:{&quot;unit&quot;:&quot;px&quot;,&quot;size&quot;:&quot;&quot;,&quot;sizes&quot;:[]},&quot;classic_row_gap_mobile&quot;:{&quot;unit&quot;:&quot;px&quot;,&quot;size&quot;:&quot;&quot;,&quot;sizes&quot;:[]}}\" data-widget_type=\"posts.classic\">\n\t\t\t\t<div class=\"elementor-widget-container\">\n\t\t\t\t\t\t\t<div class=\"elementor-posts-container elementor-posts elementor-posts--skin-classic elementor-grid\" role=\"list\">\n\t\t\t\t<article class=\"elementor-post elementor-grid-item post-195 post type-post status-publish format-standard has-post-thumbnail hentry category-aktuelt\" role=\"listitem\">\n\t\t\t\t<a class=\"elementor-post__thumbnail__link\" href=\"https:\/\/skodje.eplebiten.no\/gammelside\/aktuelt\/2026\/02\/dette-er-en-overskrift\/\" tabindex=\"-1\" >\n\t\t\t<div class=\"elementor-post__thumbnail\"><img fetchpriority=\"high\" decoding=\"async\" width=\"1024\" height=\"1024\" src=\"https:\/\/skodje.eplebiten.no\/gammelside\/wp-content\/uploads\/2026\/02\/20240103-0010-6-1024x1024-2.jpg\" class=\"attachment-medium size-medium wp-image-198\" alt=\"\" srcset=\"https:\/\/skodje.eplebiten.no\/gammelside\/wp-content\/uploads\/2026\/02\/20240103-0010-6-1024x1024-2.jpg 1024w, https:\/\/skodje.eplebiten.no\/gammelside\/wp-content\/uploads\/2026\/02\/20240103-0010-6-1024x1024-2-300x300.jpg 300w, https:\/\/skodje.eplebiten.no\/gammelside\/wp-content\/uploads\/2026\/02\/20240103-0010-6-1024x1024-2-768x768.jpg 768w\" sizes=\"(max-width: 1024px) 100vw, 1024px\" \/><\/div>\n\t\t<\/a>\n\t\t\t\t<div class=\"elementor-post__text\">\n\t\t\t\t<h3 class=\"elementor-post__title\">\n\t\t\t<a href=\"https:\/\/skodje.eplebiten.no\/gammelside\/aktuelt\/2026\/02\/dette-er-en-overskrift\/\" >\n\t\t\t\tDette er min overskrift\t\t\t<\/a>\n\t\t<\/h3>\n\t\t\t\t<div class=\"elementor-post__meta-data\">\n\t\t\t\t\t<span class=\"elementor-post-author\">\n\t\t\tTest Bruker\t\t<\/span>\n\t\t\t\t<span class=\"elementor-post-date\">\n\t\t\t20\/02\/2026\t\t<\/span>\n\t\t\t\t<\/div>\n\t\t\t\t<div class=\"elementor-post__excerpt\">\n\t\t\t\t\t<\/div>\n\t\t\n\t\t<a class=\"elementor-post__read-more\" href=\"https:\/\/skodje.eplebiten.no\/gammelside\/aktuelt\/2026\/02\/dette-er-en-overskrift\/\" aria-label=\"Read more about Dette er min overskrift\" tabindex=\"-1\" >\n\t\t\tLes Mer\u00bb\t\t<\/a>\n\n\t\t\t\t<\/div>\n\t\t\t\t<\/article>\n\t\t\t\t<article class=\"elementor-post elementor-grid-item post-109 post type-post status-publish format-standard has-post-thumbnail hentry category-aktuelt\" role=\"listitem\">\n\t\t\t\t<a class=\"elementor-post__thumbnail__link\" href=\"https:\/\/skodje.eplebiten.no\/gammelside\/aktuelt\/2026\/02\/januarmotet-arsmotet\/\" tabindex=\"-1\" >\n\t\t\t<div class=\"elementor-post__thumbnail\"><img decoding=\"async\" width=\"300\" height=\"300\" src=\"https:\/\/skodje.eplebiten.no\/gammelside\/wp-content\/uploads\/2026\/02\/20240103-0010-6-1024x1024-1-300x300.jpg\" class=\"attachment-medium size-medium wp-image-113\" alt=\"\" srcset=\"https:\/\/skodje.eplebiten.no\/gammelside\/wp-content\/uploads\/2026\/02\/20240103-0010-6-1024x1024-1-300x300.jpg 300w, https:\/\/skodje.eplebiten.no\/gammelside\/wp-content\/uploads\/2026\/02\/20240103-0010-6-1024x1024-1-150x150.jpg 150w, https:\/\/skodje.eplebiten.no\/gammelside\/wp-content\/uploads\/2026\/02\/20240103-0010-6-1024x1024-1-768x768.jpg 768w, https:\/\/skodje.eplebiten.no\/gammelside\/wp-content\/uploads\/2026\/02\/20240103-0010-6-1024x1024-1.jpg 1024w\" sizes=\"(max-width: 300px) 100vw, 300px\" \/><\/div>\n\t\t<\/a>\n\t\t\t\t<div class=\"elementor-post__text\">\n\t\t\t\t<h3 class=\"elementor-post__title\">\n\t\t\t<a href=\"https:\/\/skodje.eplebiten.no\/gammelside\/aktuelt\/2026\/02\/januarmotet-arsmotet\/\" >\n\t\t\t\tJanuarm\u00f8tet\/\u00c5rsm\u00f8tet\t\t\t<\/a>\n\t\t<\/h3>\n\t\t\t\t<div class=\"elementor-post__meta-data\">\n\t\t\t\t\t<span class=\"elementor-post-author\">\n\t\t\tThor\t\t<\/span>\n\t\t\t\t<span class=\"elementor-post-date\">\n\t\t\t19\/02\/2026\t\t<\/span>\n\t\t\t\t<\/div>\n\t\t\t\t<div class=\"elementor-post__excerpt\">\n\t\t\t<p>DetaljerSkrevet av&nbsp;Monica Elise Vestre&nbsp;Publisert 02. februar 2026 P\u00e5 \u00e5rets f\u00f8rste medlemsm\u00f8te fikk vi bes\u00f8k av Antje Meier som holdt foredrag om &laquo;\u00e5 v\u00e6re en mindful fotograf&raquo;. Antje er tysk, men bor i Volda. Hun har en dyp fascinasjon for naturen<\/p>\n\t\t<\/div>\n\t\t\n\t\t<a class=\"elementor-post__read-more\" href=\"https:\/\/skodje.eplebiten.no\/gammelside\/aktuelt\/2026\/02\/januarmotet-arsmotet\/\" aria-label=\"Read more about Januarm\u00f8tet\/\u00c5rsm\u00f8tet\" tabindex=\"-1\" >\n\t\t\tLes Mer\u00bb\t\t<\/a>\n\n\t\t\t\t<\/div>\n\t\t\t\t<\/article>\n\t\t\t\t<article class=\"elementor-post elementor-grid-item post-122 post type-post status-publish format-standard has-post-thumbnail hentry category-aktuelt\" role=\"listitem\">\n\t\t\t\t<a class=\"elementor-post__thumbnail__link\" href=\"https:\/\/skodje.eplebiten.no\/gammelside\/aktuelt\/2026\/02\/arets-fotograf-2025\/\" tabindex=\"-1\" >\n\t\t\t<div class=\"elementor-post__thumbnail\"><img decoding=\"async\" width=\"300\" height=\"161\" src=\"https:\/\/skodje.eplebiten.no\/gammelside\/wp-content\/uploads\/2026\/02\/First_255872_Meeting-300x161.jpg\" class=\"attachment-medium size-medium wp-image-124\" alt=\"\" srcset=\"https:\/\/skodje.eplebiten.no\/gammelside\/wp-content\/uploads\/2026\/02\/First_255872_Meeting-300x161.jpg 300w, https:\/\/skodje.eplebiten.no\/gammelside\/wp-content\/uploads\/2026\/02\/First_255872_Meeting-1024x550.jpg 1024w, https:\/\/skodje.eplebiten.no\/gammelside\/wp-content\/uploads\/2026\/02\/First_255872_Meeting-768x413.jpg 768w, https:\/\/skodje.eplebiten.no\/gammelside\/wp-content\/uploads\/2026\/02\/First_255872_Meeting-1536x826.jpg 1536w, https:\/\/skodje.eplebiten.no\/gammelside\/wp-content\/uploads\/2026\/02\/First_255872_Meeting-2048x1101.jpg 2048w\" sizes=\"(max-width: 300px) 100vw, 300px\" \/><\/div>\n\t\t<\/a>\n\t\t\t\t<div class=\"elementor-post__text\">\n\t\t\t\t<h3 class=\"elementor-post__title\">\n\t\t\t<a href=\"https:\/\/skodje.eplebiten.no\/gammelside\/aktuelt\/2026\/02\/arets-fotograf-2025\/\" >\n\t\t\t\t\u00c5rets Fotograf 2025\t\t\t<\/a>\n\t\t<\/h3>\n\t\t\t\t<div class=\"elementor-post__meta-data\">\n\t\t\t\t\t<span class=\"elementor-post-author\">\n\t\t\tThor\t\t<\/span>\n\t\t\t\t<span class=\"elementor-post-date\">\n\t\t\t19\/02\/2026\t\t<\/span>\n\t\t\t\t<\/div>\n\t\t\t\t<div class=\"elementor-post__excerpt\">\n\t\t\t<p>DetaljerSkrevet av&nbsp;Monica Elise Vestre&nbsp;Publisert 08. desember 2025 I helgen gikk \u00e5rets julebord av stabelen. En veldig koselig kveld der ogs\u00e5 \u00c5rets Fotograf 2025 ble k\u00e5ret. Det ble nok en gang Geir Jartveit&#8230;denne gangen foran Geir Bj\u00f8rndal Srisoi og Marita Lausund.<\/p>\n\t\t<\/div>\n\t\t\n\t\t<a class=\"elementor-post__read-more\" href=\"https:\/\/skodje.eplebiten.no\/gammelside\/aktuelt\/2026\/02\/arets-fotograf-2025\/\" aria-label=\"Read more about \u00c5rets Fotograf 2025\" tabindex=\"-1\" >\n\t\t\tLes Mer\u00bb\t\t<\/a>\n\n\t\t\t\t<\/div>\n\t\t\t\t<\/article>\n\t\t\t\t<\/div>\n\t\t\n\t\t\t\t\t\t<\/div>\n\t\t\t\t<\/div>\n\t\t\t\t\t<\/div>\n\t\t\t\t<\/div>\n\t\t\t\t<\/div>\n\t\t","protected":false},"excerpt":{"rendered":"","protected":false},"author":1,"featured_media":0,"parent":0,"menu_order":0,"comment_status":"closed","ping_status":"closed","template":"","meta":{"ngg_post_thumbnail":0,"footnotes":""},"class_list":["post-55","page","type-page","status-publish","hentry"],"_links":{"self":[{"href":"https:\/\/skodje.eplebiten.no\/gammelside\/wp-json\/wp\/v2\/pages\/55","targetHints":{"allow":["GET"]}}],"collection":[{"href":"https:\/\/skodje.eplebiten.no\/gammelside\/wp-json\/wp\/v2\/pages"}],"about":[{"href":"https:\/\/skodje.eplebiten.no\/gammelside\/wp-json\/wp\/v2\/types\/page"}],"author":[{"embeddable":true,"href":"https:\/\/skodje.eplebiten.no\/gammelside\/wp-json\/wp\/v2\/users\/1"}],"replies":[{"embeddable":true,"href":"https:\/\/skodje.eplebiten.no\/gammelside\/wp-json\/wp\/v2\/comments?post=55"}],"version-history":[{"count":26,"href":"https:\/\/skodje.eplebiten.no\/gammelside\/wp-json\/wp\/v2\/pages\/55\/revisions"}],"predecessor-version":[{"id":761,"href":"https:\/\/skodje.eplebiten.no\/gammelside\/wp-json\/wp\/v2\/pages\/55\/revisions\/761"}],"wp:attachment":[{"href":"https:\/\/skodje.eplebiten.no\/gammelside\/wp-json\/wp\/v2\/media?parent=55"}],"curies":[{"name":"wp","href":"https:\/\/api.w.org\/{rel}","templated":true}]}}