{"id":72,"date":"2026-02-19T18:14:56","date_gmt":"2026-02-19T17:14:56","guid":{"rendered":"https:\/\/skodje.eplebiten.no\/gammelside\/?page_id=72"},"modified":"2026-03-01T00:06:36","modified_gmt":"2026-02-28T23:06:36","slug":"fakta-om-skodje-fotoklubb","status":"publish","type":"page","link":"https:\/\/skodje.eplebiten.no\/gammelside\/fakta-om-skodje-fotoklubb\/","title":{"rendered":"Fakta om Skodje Fotoklubb"},"content":{"rendered":"\t\t<div data-elementor-type=\"wp-page\" data-elementor-id=\"72\" class=\"elementor elementor-72\" data-elementor-post-type=\"page\">\n\t\t\t\t<div class=\"elementor-element elementor-element-52c7030b e-flex e-con-boxed e-con e-parent\" data-id=\"52c7030b\" data-element_type=\"container\" data-e-type=\"container\">\n\t\t\t\t\t<div class=\"e-con-inner\">\n\t\t\t\t<div class=\"elementor-element elementor-element-3b57a7a5 elementor-widget elementor-widget-text-editor\" data-id=\"3b57a7a5\" data-element_type=\"widget\" data-e-type=\"widget\" data-widget_type=\"text-editor.default\">\n\t\t\t\t\t\t\t\t\t\n<figure class=\"wp-block-table\">\n<table class=\"has-fixed-layout\">\n<tbody>\n<tr>\n<td colspan=\"2\">Form\u00e5let med klubben kan kort oppsummerest slik:\u00c5 gi medlemmene \u00f8kt kunnskap om fotografi.\u00a0\u00c5 \u00f8ke interessen for godt fotografi i lokalsamfunnet.\u00a0\u00c5 skape et bredt fotomilj\u00f8.\u00a0<\/td>\n<\/tr>\n<tr>\n<td>Namn:<\/td>\n<td>Skodje Fotoklubb<\/td>\n<\/tr>\n<tr>\n<td>Adresse:<\/td>\n<td>c\/o Lars Pettervegen 13, 6260 Skodje<\/td>\n<\/tr>\n<tr>\n<td>Stiftingsdato:<\/td>\n<td>08. april 2010<\/td>\n<\/tr>\n<tr>\n<td>Organisasjonsnummer:<\/td>\n<td>995408511<\/td>\n<\/tr>\n<tr>\n<td>Bankkonto:<\/td>\n<td>39103999123<\/td>\n<\/tr>\n<\/tbody>\n<\/table>\n<\/figure>\n\t\t\t\t\t\t\t\t<\/div>\n\t\t\t\t\t<\/div>\n\t\t\t\t<\/div>\n\t\t\t\t<\/div>\n\t\t","protected":false},"excerpt":{"rendered":"<p>Form\u00e5let med klubben kan kort oppsummerest slik:\u00c5 gi medlemmene \u00f8kt kunnskap om fotografi.\u00a0\u00c5 \u00f8ke interessen for godt fotografi i lokalsamfunnet.\u00a0\u00c5 skape et bredt fotomilj\u00f8.\u00a0 Namn: Skodje Fotoklubb Adresse: c\/o Lars [&hellip;]<\/p>\n","protected":false},"author":1,"featured_media":0,"parent":0,"menu_order":0,"comment_status":"closed","ping_status":"closed","template":"","meta":{"ngg_post_thumbnail":0,"footnotes":""},"class_list":["post-72","page","type-page","status-publish","hentry"],"_links":{"self":[{"href":"https:\/\/skodje.eplebiten.no\/gammelside\/wp-json\/wp\/v2\/pages\/72","targetHints":{"allow":["GET"]}}],"collection":[{"href":"https:\/\/skodje.eplebiten.no\/gammelside\/wp-json\/wp\/v2\/pages"}],"about":[{"href":"https:\/\/skodje.eplebiten.no\/gammelside\/wp-json\/wp\/v2\/types\/page"}],"author":[{"embeddable":true,"href":"https:\/\/skodje.eplebiten.no\/gammelside\/wp-json\/wp\/v2\/users\/1"}],"replies":[{"embeddable":true,"href":"https:\/\/skodje.eplebiten.no\/gammelside\/wp-json\/wp\/v2\/comments?post=72"}],"version-history":[{"count":4,"href":"https:\/\/skodje.eplebiten.no\/gammelside\/wp-json\/wp\/v2\/pages\/72\/revisions"}],"predecessor-version":[{"id":767,"href":"https:\/\/skodje.eplebiten.no\/gammelside\/wp-json\/wp\/v2\/pages\/72\/revisions\/767"}],"wp:attachment":[{"href":"https:\/\/skodje.eplebiten.no\/gammelside\/wp-json\/wp\/v2\/media?parent=72"}],"curies":[{"name":"wp","href":"https:\/\/api.w.org\/{rel}","templated":true}]}}