{"id":75,"date":"2026-02-19T18:16:54","date_gmt":"2026-02-19T17:16:54","guid":{"rendered":"https:\/\/skodje.eplebiten.no\/gammelside\/?page_id=75"},"modified":"2026-03-01T00:07:32","modified_gmt":"2026-02-28T23:07:32","slug":"vedtekter","status":"publish","type":"page","link":"https:\/\/skodje.eplebiten.no\/gammelside\/vedtekter\/","title":{"rendered":"Vedtekter"},"content":{"rendered":"\t\t<div data-elementor-type=\"wp-page\" data-elementor-id=\"75\" class=\"elementor elementor-75\" data-elementor-post-type=\"page\">\n\t\t\t\t<div class=\"elementor-element elementor-element-183ec971 e-flex e-con-boxed e-con e-parent\" data-id=\"183ec971\" data-element_type=\"container\" data-e-type=\"container\">\n\t\t\t\t\t<div class=\"e-con-inner\">\n\t\t\t\t<div class=\"elementor-element elementor-element-7b44f14d elementor-widget elementor-widget-text-editor\" data-id=\"7b44f14d\" data-element_type=\"widget\" data-e-type=\"widget\" data-widget_type=\"text-editor.default\">\n\t\t\t\t\t\t\t\t\t\n<h2 class=\"wp-block-heading\">\u00a7 1 Namn&nbsp;<\/h2>\n\n\n\n<p>Namnet p\u00e5 klubben er Skodje Fotoklubb.<\/p>\n\n\n\n<h2 class=\"wp-block-heading\"><strong>\u00a72 M\u00e5let til klubben<\/strong><\/h2>\n\n\n\n<p>\u00c5 gi medlemmene auka kunnskap om fotografi. \u00c5 auke interessa for godt fotografi i lokalsamfunnet. \u00c5 skape eit bredt fotomilj\u00f8.<\/p>\n\n\n\n<h2 class=\"wp-block-heading\"><strong>\u00a7 3 Medlemskap<\/strong><\/h2>\n\n\n\n<p>Alle som har betalt medlemskontingent er medlem av klubben, og har rettar som medlem.&nbsp;<br>Kontigenten vert fastsett av \u00e5rsm\u00f8tet, og gjeld for eitt \u00e5r om gongen.&nbsp;<br>Familiemedlemmer i same husstand\/bopel, honn\u00f8r\/personar som fyller 67 \u00e5r i l\u00f8pet av \u00e5ret &nbsp;og ungdom til og med fylte 25 \u00e5r betaler halv kontingent.&nbsp;<br>Kontingenten skal betalast innan 15. februar. Ved innmelding fr\u00e5 og med 1. september skal det betalast halv kontingent. Leiaren i styret er friteken for kontingent.<\/p>\n\n\n\n<p>Medlem som har lagt ned betydeleg innsats for Skodje fotoklubb, for lokalt fotografi og fotomilj\u00f8 gjennom mange \u00e5r, kan utnemnast til \u00e6resmedlem.<br>Forslag om \u00e6resmedlemskap kan fremmast av medlemmer i Skodje fotoklubb.<br>Styret avgjer kven som skal utnemnast til \u00e6resmedlem.&nbsp;<br>Avslag p\u00e5 s\u00f8knad skal ikkje begrunnast.<br>\u00c6resmedlem er fritatt for kontingent.<br>Med utnemninga f\u00f8l: Skodje fotoklubb plakett og diplom<\/p>\n\n\n\n<h2 class=\"wp-block-heading\"><strong>\u00a7 4 Styret<\/strong><\/h2>\n\n\n\n<p>Styret skal best\u00e5 av fem personar: leiar, sekret\u00e6r, nestleiar, kasserar og to styremedlemmer. Styret skal m\u00f8tast minst fire gonger kvart \u00e5r, og dessutan n\u00e5r minst ein styremedlem krev det. I tillegg skal det vere to varamedlemmer. Styret er vedtaksf\u00f8rt n\u00e5r minst tre av styremedlemmene er til stades.<\/p>\n\n\n\n<p>\u00c5rsm\u00f8tet fastset godtgjersle til medlemmer som fungerer i tillitsverv eller personar utpeika av styret til n\u00f8kkeloppg\u00e5ver i klubben.<\/p>\n\n\n\n<h2 class=\"wp-block-heading\"><strong>\u00a7 5 Oppg\u00e5vene til styret<\/strong><\/h2>\n\n\n\n<p>Styret skal syte for den daglege drifta av klubben. Styret skal arbeide for \u00e5 n\u00e5 m\u00e5la til klubben gjennom medlemsm\u00f8te med faglege foredrag, demonstrasjonar, konkurransar, utstillingar og fotoutflukter. Styret kan oppnemne komitear for spesielle oppg\u00e5ver, og inng\u00e5 avtaler om l\u00f8ysing av s\u00e6rskilde oppg\u00e5ver.<\/p>\n\n\n\n<h2 class=\"wp-block-heading\"><strong>\u00a7 6 \u00c5rsm\u00f8tet<\/strong><\/h2>\n\n\n\n<p>\u00c5rsm\u00f8tet er h\u00f8gaste myndigheit i klubben. Ordin\u00e6rt \u00e5rsm\u00f8te skal haldast kvart \u00e5r innan utgangen av januar, og innkallast med minst fire vekers varsel.<br>Forslag som \u00e5rsm\u00f8tet skal behandle, m\u00e5 vere styret i hende seinast tre veker f\u00f8r \u00e5rsm\u00f8tet. Forslag skal vere skriftleg.&nbsp;<br>Sakliste til \u00e5rsm\u00f8tet med \u00e5rsmelding, rekneskap og innkomne forslag skal sendast til medlemmene seinast ei veke f\u00f8r \u00e5rsm\u00f8tet.&nbsp;<br>\u00c5rsm\u00f8tet skal ta opp \u00e5rsmelding, rekneskap, innkomne forslag, val, godtgjerdsle og kontingent. Rekneskaps\u00e5ret varer fr\u00e5 1. januar til 31. desember.&nbsp;<\/p>\n\n\n\n<p><br><strong>Val:<\/strong><br>Leiaren blir valt for eitt \u00e5r. Resten av styret vert valt for 2 \u00e5r.&nbsp;Valkomiteen p\u00e5 2 medlemmer blir valt for 2 \u00e5r, og ein st\u00e5r p\u00e5 val kvart \u00e5r.<br>Nestleiar, ein styremedlem og ein medlem i valkomiteen er p\u00e5 val det eine \u00e5ret, dei to andre styremedlemmene og den andre i valkomiteen neste \u00e5r.&nbsp;<br>Dersom ein styremedlem m\u00e5 g\u00e5 ut av styret, vert ein ny styremedlem valt for attst\u00e5ande del av perioden p\u00e5 neste ordin\u00e6re \u00e5rsm\u00f8te. Varamedlemmene blir valte for eitt \u00e5r om gongen.&nbsp;<br>Ein revisor vert valt for eitt \u00e5r.<\/p>\n\n\n\n<h2 class=\"wp-block-heading\"><strong>\u00a7 7 Ekstraordin\u00e6rt \u00e5rsm\u00f8te<\/strong><\/h2>\n\n\n\n<p>Ekstraordin\u00e6rt \u00e5rsm\u00f8te vert halde n\u00e5r styret finn det n\u00f8dvendig, eller n\u00e5r minst 2\/3 av medlemmene krev det. M\u00f8tet skal haldast innan to m\u00e5nader. Fristar og innkalling som ved ordin\u00e6rt \u00e5rsm\u00f8te.<\/p>\n\n\n\n<h2 class=\"wp-block-heading\"><strong>\u00a7 8 Oppl\u00f8ysing<\/strong><\/h2>\n\n\n\n<p>Forslag om oppl\u00f8ysing kan kome fr\u00e5 styret eller fr\u00e5 minst 2\/3 av medlemmene. Forslaget skal behandlast p\u00e5 ordin\u00e6rt eller ekstraordin\u00e6rt \u00e5rsm\u00f8te, og krev 2\/3 fleirtal av medlemstalet for \u00e5 bli vedtatt. \u00c5rsm\u00f8tet avgjer med simpelt fleirtal korleis eventuelle midlar skal brukast.<\/p>\n\n\n\n<p><br><em>Vedtatt 08.04.2010, sist endra 26.01.2023<\/em><\/p>\n\t\t\t\t\t\t\t\t<\/div>\n\t\t\t\t\t<\/div>\n\t\t\t\t<\/div>\n\t\t\t\t<\/div>\n\t\t","protected":false},"excerpt":{"rendered":"<p>\u00a7 1 Namn&nbsp; Namnet p\u00e5 klubben er Skodje Fotoklubb. \u00a72 M\u00e5let til klubben \u00c5 gi medlemmene auka kunnskap om fotografi. \u00c5 auke interessa for godt fotografi i lokalsamfunnet. \u00c5 skape [&hellip;]<\/p>\n","protected":false},"author":1,"featured_media":0,"parent":0,"menu_order":0,"comment_status":"closed","ping_status":"closed","template":"","meta":{"ngg_post_thumbnail":0,"footnotes":""},"class_list":["post-75","page","type-page","status-publish","hentry"],"_links":{"self":[{"href":"https:\/\/skodje.eplebiten.no\/gammelside\/wp-json\/wp\/v2\/pages\/75","targetHints":{"allow":["GET"]}}],"collection":[{"href":"https:\/\/skodje.eplebiten.no\/gammelside\/wp-json\/wp\/v2\/pages"}],"about":[{"href":"https:\/\/skodje.eplebiten.no\/gammelside\/wp-json\/wp\/v2\/types\/page"}],"author":[{"embeddable":true,"href":"https:\/\/skodje.eplebiten.no\/gammelside\/wp-json\/wp\/v2\/users\/1"}],"replies":[{"embeddable":true,"href":"https:\/\/skodje.eplebiten.no\/gammelside\/wp-json\/wp\/v2\/comments?post=75"}],"version-history":[{"count":4,"href":"https:\/\/skodje.eplebiten.no\/gammelside\/wp-json\/wp\/v2\/pages\/75\/revisions"}],"predecessor-version":[{"id":770,"href":"https:\/\/skodje.eplebiten.no\/gammelside\/wp-json\/wp\/v2\/pages\/75\/revisions\/770"}],"wp:attachment":[{"href":"https:\/\/skodje.eplebiten.no\/gammelside\/wp-json\/wp\/v2\/media?parent=75"}],"curies":[{"name":"wp","href":"https:\/\/api.w.org\/{rel}","templated":true}]}}