{"id":79,"date":"2026-02-19T18:18:54","date_gmt":"2026-02-19T17:18:54","guid":{"rendered":"https:\/\/skodje.eplebiten.no\/gammelside\/?page_id=79"},"modified":"2026-03-01T00:04:54","modified_gmt":"2026-02-28T23:04:54","slug":"klubbutstyr","status":"publish","type":"page","link":"https:\/\/skodje.eplebiten.no\/gammelside\/klubbutstyr\/","title":{"rendered":"Klubbutstyr"},"content":{"rendered":"\t\t<div data-elementor-type=\"wp-page\" data-elementor-id=\"79\" class=\"elementor elementor-79\" data-elementor-post-type=\"page\">\n\t\t\t\t<div class=\"elementor-element elementor-element-47a1170b e-flex e-con-boxed e-con e-parent\" data-id=\"47a1170b\" data-element_type=\"container\" data-e-type=\"container\">\n\t\t\t\t\t<div class=\"e-con-inner\">\n\t\t\t\t<div class=\"elementor-element elementor-element-fccda1e elementor-widget elementor-widget-text-editor\" data-id=\"fccda1e\" data-element_type=\"widget\" data-e-type=\"widget\" data-widget_type=\"text-editor.default\">\n\t\t\t\t\t\t\t\t\t\n<h2 class=\"wp-block-heading\">Klubbutstyr<\/h2>\n\n<p>Klubben disponerer fotoutstyr som medlemmene kan leie meget rimelig.<\/p>\n\n<p>Kontakt materialforvalteren for \u00e5 avtale leie: Maya Lorgen Flem, tlf: 97697778<\/p>\n\n<p>Utstyret best\u00e5r per i dag av 2 sett studioblitser m\/softbokser, bakgrunner, stativer og Spyder skjermkalibrator.<\/p>\n\n<p>Ta vare p\u00e5 utstyret som det var ditt eget. Sjekk at alt er p\u00e5 plass b\u00e5de ved henting og levering. Dersom du gj\u00f8r skade p\u00e5 utstyret m\u00e5 du erstatte skaden.<\/p>\n\n<figure class=\"wp-block-table\">\n<table class=\"has-fixed-layout\">\n<tbody>\n<tr>\n<td class=\"has-text-align-left\" data-align=\"left\"><strong>Klubbutstyr<\/strong><\/td>\n<td class=\"has-text-align-center\" data-align=\"center\"><strong>Pris per dag<\/strong><\/td>\n<td class=\"has-text-align-center\" data-align=\"center\"><strong>Pris per helg<\/strong><\/td>\n<\/tr>\n<tr>\n<td class=\"has-text-align-left\" data-align=\"left\">Elinchrom D-lite med 2 lamper\/softbokser, stativ og ledninger.\u00a0<\/td>\n<td>50<\/td>\n<td>100<\/td>\n<\/tr>\n<tr>\n<td class=\"has-text-align-left\" data-align=\"left\">Elinchrom D-Lite it med 2 lamper\/softbokser, stativ, ledninger og SkyPort tr\u00e5dl\u00f8s utl\u00f8ser.\u00a0<\/td>\n<td>50 \u00a0<\/td>\n<td>100<\/td>\n<\/tr>\n<tr>\n<td class=\"has-text-align-left\" data-align=\"left\">Tilleggsutstyr: Snoot og l\u00e5ved\u00f8r\/klaffer for styring av lyset.<\/td>\n<td>\u00a0<\/td>\n<td>\u00a0<\/td>\n<\/tr>\n<tr>\n<td class=\"has-text-align-left\" data-align=\"left\">Datacolor Spyder 3 Elite<\/td>\n<td>Gratis<\/td>\n<td>Gratis<\/td>\n<\/tr>\n<\/tbody>\n<\/table>\n<\/figure>\n\n<h1 class=\"wp-block-heading\">\u00a0<\/h1>\n\n<ul class=\"wp-block-list\">\n<li>1 stk Elinchrom D-Lite 2 it (EL-20483)<\/li>\n\n<li>1 stk Elinchrom D-Lite 4<\/li>\n\n<li>1 stk Skyport ECO (EL-19349)<\/li>\n\n<li>1 stk Synkkabler (EL-11088)<\/li>\n\n<li>1 stk Beskyttelsesk\u00e5pe (EL-26124)<\/li>\n\n<li>1 stk Reflektor (EL-26146)<\/li>\n\n<li>3 stk Softboks 65&#215;65 cm (EL-26129)<\/li>\n\n<li>1 stk Softboks 40&#215;40 cm<\/li>\n\n<li>1 stk Veske til blitsaggregatene (EL-33198)<\/li>\n\n<li>1 stk DVD-film &laquo;D-Lite &#8211; Intro&raquo; (EL-72405)<\/li>\n\n<li>2 stk Netttkabler (EL-11055)<\/li>\n\n<li>2 stk Innstillingslamper (EL-23002)<\/li>\n\n<li>1 stk Manual (Engelsk) (EL-73002)<\/li>\n\n<li>1 stk Stativveske for to stativ (EL-33220)<\/li>\n\n<li>2 stk Stativ (EL-30101)<\/li>\n\n<li>Bakrunner: hvit, svart og gr\u00f8nn med stativ<\/li>\n<\/ul>\n\n<p>\u00a0Datacolor Spyder 3 Elite og Datacolor Spyder 4 Pro<\/p>\n\n<p>Med dette kalibreringsutstyret kan du kalibrere dataskjermen din slik at bildene p\u00e5 skjermen blir vist med riktig lysstyrke og fargetemperatur.<br \/>Utstyret er enkelt \u00e5 bruke ved at en veiviser dirigerer deg gjennom hele prosessen. Etterp\u00e5 kan du sammenligne resultatet med slik det var f\u00f8r kalibreringen.<br \/>Resultatet kan lagres som en profil som du ogs\u00e5 kan bruke ved utskrift av bilder.<\/p>\n\t\t\t\t\t\t\t\t<\/div>\n\t\t\t\t\t<\/div>\n\t\t\t\t<\/div>\n\t\t\t\t<\/div>\n\t\t","protected":false},"excerpt":{"rendered":"<p>Klubbutstyr Klubben disponerer fotoutstyr som medlemmene kan leie meget rimelig. Kontakt materialforvalteren for \u00e5 avtale leie: Maya Lorgen Flem, tlf: 97697778 Utstyret best\u00e5r per i dag av 2 sett studioblitser [&hellip;]<\/p>\n","protected":false},"author":1,"featured_media":0,"parent":0,"menu_order":0,"comment_status":"closed","ping_status":"closed","template":"","meta":{"ngg_post_thumbnail":0,"footnotes":""},"class_list":["post-79","page","type-page","status-publish","hentry"],"_links":{"self":[{"href":"https:\/\/skodje.eplebiten.no\/gammelside\/wp-json\/wp\/v2\/pages\/79","targetHints":{"allow":["GET"]}}],"collection":[{"href":"https:\/\/skodje.eplebiten.no\/gammelside\/wp-json\/wp\/v2\/pages"}],"about":[{"href":"https:\/\/skodje.eplebiten.no\/gammelside\/wp-json\/wp\/v2\/types\/page"}],"author":[{"embeddable":true,"href":"https:\/\/skodje.eplebiten.no\/gammelside\/wp-json\/wp\/v2\/users\/1"}],"replies":[{"embeddable":true,"href":"https:\/\/skodje.eplebiten.no\/gammelside\/wp-json\/wp\/v2\/comments?post=79"}],"version-history":[{"count":4,"href":"https:\/\/skodje.eplebiten.no\/gammelside\/wp-json\/wp\/v2\/pages\/79\/revisions"}],"predecessor-version":[{"id":764,"href":"https:\/\/skodje.eplebiten.no\/gammelside\/wp-json\/wp\/v2\/pages\/79\/revisions\/764"}],"wp:attachment":[{"href":"https:\/\/skodje.eplebiten.no\/gammelside\/wp-json\/wp\/v2\/media?parent=79"}],"curies":[{"name":"wp","href":"https:\/\/api.w.org\/{rel}","templated":true}]}}